{"id":355,"date":"2021-03-10T20:54:23","date_gmt":"2021-03-10T19:54:23","guid":{"rendered":"https:\/\/turkhukuk.nl\/?page_id=355"},"modified":"2021-04-06T23:43:08","modified_gmt":"2021-04-06T21:43:08","slug":"kbk","status":"publish","type":"page","link":"https:\/\/vh2020xancn-0.hosting-space.nl\/nl\/kbk\/","title":{"rendered":"KBK"},"content":{"rendered":"<p><strong>K\u0130\u015e\u0130SEL VER\u0130LER\u0130N \u0130\u015eLENMES\u0130NE \u0130L\u0130\u015eK\u0130N AYDINLATMA METN\u0130<\/strong><\/p>\n\n\n\n<p>M&amp;M HUKUK BUROSU; m\u00fcvekkillerinin, i\u015f ortaklar\u0131n\u0131n veya her hangi bir \u015fekilde ili\u015fki i\u00e7erisinde bulundu\u011fu di\u011fer \u00fc\u00e7\u00fcnc\u00fc ki\u015filerin ki\u015fisel verilerinin korunmas\u0131 ile veri gizlili\u011fi ve g\u00fcvenli\u011finin sa\u011flanmas\u0131 bak\u0131m\u0131ndan veri sorumlusu s\u0131fat\u0131yla ki\u015fisel verilerin korunmas\u0131na ili\u015fkin bilgilendirme amac\u0131yla a\u015fa\u011f\u0131da ki metni haz\u0131rlam\u0131\u015ft\u0131r.<\/p>\n\n\n\n<p>\u0130lgili mevzuat \u00e7er\u00e7evesinde M&amp;M hukuk B\u00fcrosu\u2019na dava, dan\u0131\u015fmanl\u0131k, yasal s\u00fcre\u00e7 takibi, hukuki rapor haz\u0131rlanmas\u0131 ve benzeri her t\u00fcrl\u00fc hizmet &nbsp;ve i\u015f idaresinin gere\u011fi olan i\u015flemler ile ilgili olarak &nbsp;kendisine verilmi\u015f ve\/veya toplanm\u0131\u015f olan ki\u015fisel verilerin (isim, soy isim, adres, telefon numaras\u0131, e-posta adresi ve benzeri kimli\u011fi belirli veya belirlenebilir ger\u00e7ek ki\u015fiye ili\u015fkin her t\u00fcrl\u00fc bilgi &#8211;<strong>Ki\u015fisel Veri- <\/strong>&nbsp;&nbsp;olarak i\u015flenir ve muhafaza edilir.<\/p>\n\n\n\n<p>M&amp;M Hukuk B\u00fcrosu, Ki\u015fisel Veriler\u2019in i\u015flenmesi bak\u0131m\u0131ndan ilgili ilgili ulusal veya uluslararas\u0131 mevzuat kapsam\u0131nda veri sorumlusu s\u0131fat\u0131n\u0131 haizdir.<\/p>\n\n\n\n<p>I-<strong>Ki\u015fisel Verilerin \u0130\u015flenme Ama\u00e7lar\u0131<\/strong><\/p>\n\n\n\n<p>Ki\u015fisel veriler ilgili mevzuata uygun olarak;&nbsp;<\/p>\n\n\n\n<ul class=\"wp-block-list\"><li>Talep edilen hizmetlerin sunulmas\u0131,&nbsp;<\/li><li>M\u00fcvekkil ili\u015fkileri s\u00fcre\u00e7lerinin<\/li><li>Her t\u00fcrl\u00fc i\u015f ve i\u015flemlerin sahiplerinin ve muhataplar\u0131n\u0131n belirlenmesinde gerekli kimlik, adres, vergi numaras\u0131 ve di\u011fer bilgilerin kayd\u0131, k\u00e2\u011f\u0131t \u00fczerinde veya elektronik ortamda d\u00fczenlenmesi,<\/li><li>Yetkili Mahkeme, \u0130cra Dairesi ve di\u011fer resmi ve \u00f6zel kurum ve\/veya kurulu\u015flara bilgi verilmesi,<\/li><li>Resmi kurumlar ile ilgili i\u015flemlerin y\u00fcr\u00fct\u00fclmesi<\/li><li>Bilgi g\u00fcvenli\u011fi s\u00fcrecinin i\u015flerli\u011finin sa\u011flanmas\u0131&nbsp;<\/li><li>Ticari ve\/veya hukuki i\u015flerin planlanmas\u0131 ve y\u00fcr\u00fct\u00fclmesi<\/li><li>\u0130\u015f idaresinin gerektirdi\u011fi t\u00fcm i\u015flemlerin y\u00fcr\u00fct\u00fclmesi<\/li><li>B\u00fcronun yapt\u0131\u011f\u0131 faaliyetler veya bilgilendirme \u00fcr\u00fcnleri veya b\u00fcronun tan\u0131t\u0131m\u0131 &nbsp;ama\u00e7lar\u0131 ile i\u015flenebilir.&nbsp;<\/li><\/ul>\n\n\n\n<p>II-<strong>Verilerin \u0130\u015flenmesi\u00a0<\/strong><\/p>\n\n\n\n<p>Ki\u015fisel Verileri sadece kesin, a\u00e7\u0131k, yasal ve s\u00f6zle\u015fmesel ama\u00e7lar d\u00e2hilinde toplayacak ve yasal mevzuatlar\u0131n belirledi\u011fi ama\u00e7lar\u0131n\u0131n gerektirdi\u011fi s\u00fcreler boyunca muhafaza edilecek, ilgili mevzuat\u0131n ve \u00f6zel s\u00f6zle\u015fmenin belirtilen toplanma ama\u00e7lar\u0131 ile ba\u011fda\u015fmaz bir \u015fekilde i\u015flemeyecek ve i\u015flenmesini gerektiren sebeplerin ortadan kalkmas\u0131 h\u00e2linde, kanunen saklama mecburiyeti bulunan haller sakl\u0131 olmak \u00fczere, resen veya ilgili ki\u015finin talebi \u00fczerine silinecek veya yok edilecek veya anonim hale getirecektir.&nbsp;<\/p>\n\n\n\n<p>III-<strong> Verilerin Aktar\u0131lmas\u0131<\/strong><\/p>\n\n\n\n<p>Ki\u015fisel veriler ilgili mevzuat\u0131n amac\u0131 ve \u00e7er\u00e7evesi do\u011frultunda ve amaca uygun olarak, yurt &nbsp;i\u00e7inde veya d\u0131\u015f\u0131nda i\u015f ortaklar\u0131na, avukatlar\u0131na ve yetkili mahkeme ve\/veya icra daireleri ile kamu kurum ve kurulu\u015flar\u0131na aktar\u0131labilecektir. Ayr\u0131ca do\u011frudan ya da dolayl\u0131 olarak yurtd\u0131\u015f\u0131nda bulunan dan\u0131\u015fmanl\u0131k, destek veya hukuki hizmet ald\u0131\u011f\u0131 veya almay\u0131 planlad\u0131\u011f\u0131 \u00fc\u00e7\u00fcnc\u00fc ki\u015filere, di\u011fer konularda dan\u0131\u015fmanl\u0131k destek veya hizmet ald\u0131\u011f\u0131 veya almay\u0131 planlad\u0131\u011f\u0131 \u00fc\u00e7\u00fcnc\u00fc ki\u015filere (\u00e7e\u015fitli \u00fclkelerde sunucular\u0131 bulunabilecek bulut bili\u015fim hizmeti sa\u011flay\u0131c\u0131lar\u0131 da d\u00e2hil), kanunen yetkili kurum ve kurulu\u015flara, belirtilen ki\u015fisel veri i\u015fleme \u015fartlar\u0131 ve ama\u00e7lar\u0131 \u00e7er\u00e7evesinde aktar\u0131labilecektir.&nbsp;<\/p>\n\n\n\n<p>Ki\u015fisel verilerinizin yurti\u00e7ine veya yurtd\u0131\u015f\u0131na aktar\u0131lmas\u0131 halinde gereken t\u00fcm teknik ve idari tedbirler b\u00fcro taraf\u0131ndan al\u0131nm\u0131\u015ft\u0131r.<\/p>\n\n\n\n<p>Veriler kesinlikle hukukuz veya yetkisiz bir \u015feklide di\u011fer \u00fclke kurum veya kurulu\u015flar\u0131na veya ulusal dahi olsa ilgisi veya yasal olarak yetki olmayan hi\u00e7 bir kurum ve ki\u015fiye verilmeyecektir.<\/p>\n\n\n\n<p>IV-<strong>Veri Sahibinin Haklar\u0131\u00a0<\/strong><\/p>\n\n\n\n<p>\u0130lgili mevzuat gere\u011fince ki\u015fisel verilen g\u00fcvenli\u011fi &nbsp;ve i\u015flenmesi ile ilgili olarak a\u015fa\u011f\u0131da ki konularda bilgi talep etme hakk\u0131 d\u00fczenlenmi\u015ftir.<\/p>\n\n\n\n<ul class=\"wp-block-list\"><li>Ki\u015fisel Veriler\u2019inin i\u015flenip i\u015flenmedi\u011fini \u00f6\u011frenme,<\/li><li>Ki\u015fisel Veriler\u2019i i\u015flenmi\u015fse buna ili\u015fkin bilgi talep etme,<\/li><li>Ki\u015fisel Veriler\u2019inin i\u015flenme amac\u0131n\u0131 ve bunlar\u0131n amac\u0131na uygun kullan\u0131l\u0131p kullan\u0131lmad\u0131\u011f\u0131n\u0131 \u00f6\u011frenme,<\/li><li>Yurt i\u00e7inde veya yurt d\u0131\u015f\u0131nda Ki\u015fisel Veriler\u2019inin aktar\u0131ld\u0131\u011f\u0131 \u00fc\u00e7\u00fcnc\u00fc ki\u015fileri bilme,<\/li><li>Ki\u015fisel Veriler\u2019inin eksik veya yanl\u0131\u015f i\u015flenmi\u015f olmas\u0131 halinde bunlar\u0131n d\u00fczetilmesini isteme,<\/li><li>KVKK\u2019n\u0131n 7. maddesinde \u00f6ng\u00f6r\u00fclen \u015fartlar \u00e7er\u00e7evesinde Ki\u015fisel Veriler\u2019inin silinmesini\/yok edilmesini ve bu kapsamda Ki\u015fisel Veriler\u2019in aktar\u0131ld\u0131\u011f\u0131 \u00fc\u00e7\u00fcnc\u00fc ki\u015filere bildirilmesini isteme,<\/li><li>\u0130\u015flenen verilerin m\u00fcnhas\u0131ran otomatik sistemler vas\u0131tas\u0131yla analiz edilmesi suretiyle aleyhlerine bir sonucun ortaya \u00e7\u0131kmas\u0131na itiraz etme,<\/li><li>Ki\u015fisel Veriler\u2019inin KVKK\u2019ya ayk\u0131r\u0131 olarak i\u015flenmesi sebebiyle zarara u\u011framalar\u0131 halinde giderilmesini talep etme<\/li><\/ul>\n\n\n\n<p>V-<strong>Ba\u015fvuru\u00a0<\/strong><\/p>\n\n\n\n<p>Yukar\u0131da belirtilen haklar hakk\u0131nda e posta yolu ile (<a href=\"mailto:info@turkhukuk.nl\">info@turkhukuk.nl<\/a>) veya posta yolu ile bilgi talep edilebilir.<\/p>\n\n\n\n<p>S\u00f6z konusu taleplerin sonu\u00e7land\u0131r\u0131lmas\u0131n\u0131n ayr\u0131ca bir maliyeti gerektirmesi halinde, ba\u015fvuru sahibinden ilgili resmi kurumlarca belirlenen tarifedeki \u00fccret istenebilecektir.&nbsp;<\/p>","protected":false},"excerpt":{"rendered":"<p>K\u0130\u015e\u0130SEL VER\u0130LER\u0130N \u0130\u015eLENMES\u0130NE \u0130L\u0130\u015eK\u0130N AYDINLATMA METN\u0130 M&amp;M HUKUK BUROSU; m\u00fcvekkillerinin, i\u015f ortaklar\u0131n\u0131n veya her hangi bir \u015fekilde ili\u015fki i\u00e7erisinde bulundu\u011fu di\u011fer \u00fc\u00e7\u00fcnc\u00fc ki\u015filerin ki\u015fisel verilerinin korunmas\u0131 ile veri gizlili\u011fi ve g\u00fcvenli\u011finin sa\u011flanmas\u0131 bak\u0131m\u0131ndan veri sorumlusu s\u0131fat\u0131yla ki\u015fisel verilerin korunmas\u0131na ili\u015fkin bilgilendirme amac\u0131yla a\u015fa\u011f\u0131da ki metni haz\u0131rlam\u0131\u015ft\u0131r. \u0130lgili mevzuat \u00e7er\u00e7evesinde M&amp;M hukuk B\u00fcrosu\u2019na dava, dan\u0131\u015fmanl\u0131k, yasal [&hellip;]<\/p>","protected":false},"author":1,"featured_media":0,"parent":0,"menu_order":0,"comment_status":"closed","ping_status":"closed","template":"","meta":{"footnotes":""},"tags":[54],"class_list":["post-355","page","type-page","status-publish","hentry","tag-kbk"],"_links":{"self":[{"href":"https:\/\/vh2020xancn-0.hosting-space.nl\/nl\/wp-json\/wp\/v2\/pages\/355","targetHints":{"allow":["GET"]}}],"collection":[{"href":"https:\/\/vh2020xancn-0.hosting-space.nl\/nl\/wp-json\/wp\/v2\/pages"}],"about":[{"href":"https:\/\/vh2020xancn-0.hosting-space.nl\/nl\/wp-json\/wp\/v2\/types\/page"}],"author":[{"embeddable":true,"href":"https:\/\/vh2020xancn-0.hosting-space.nl\/nl\/wp-json\/wp\/v2\/users\/1"}],"replies":[{"embeddable":true,"href":"https:\/\/vh2020xancn-0.hosting-space.nl\/nl\/wp-json\/wp\/v2\/comments?post=355"}],"version-history":[{"count":3,"href":"https:\/\/vh2020xancn-0.hosting-space.nl\/nl\/wp-json\/wp\/v2\/pages\/355\/revisions"}],"predecessor-version":[{"id":566,"href":"https:\/\/vh2020xancn-0.hosting-space.nl\/nl\/wp-json\/wp\/v2\/pages\/355\/revisions\/566"}],"wp:attachment":[{"href":"https:\/\/vh2020xancn-0.hosting-space.nl\/nl\/wp-json\/wp\/v2\/media?parent=355"}],"wp:term":[{"taxonomy":"post_tag","embeddable":true,"href":"https:\/\/vh2020xancn-0.hosting-space.nl\/nl\/wp-json\/wp\/v2\/tags?post=355"}],"curies":[{"name":"wp","href":"https:\/\/api.w.org\/{rel}","templated":true}]}}