{"id":353,"date":"2021-03-10T20:54:06","date_gmt":"2021-03-10T19:54:06","guid":{"rendered":"https:\/\/turkhukuk.nl\/?page_id=353"},"modified":"2021-03-18T14:34:15","modified_gmt":"2021-03-18T13:34:15","slug":"sorumluluk-uyarisi","status":"publish","type":"page","link":"https:\/\/vh2020xancn-0.hosting-space.nl\/nl\/sorumluluk-uyarisi\/","title":{"rendered":"Sorumluluk Uyar\u0131s\u0131"},"content":{"rendered":"<p>Bu web sayfa M&amp;M HUKUK B\u00dcROSU\u2019nun hukuk hizmetleri hakk\u0131nda bilgi i\u00e7ermektedir.\u00a0 Bu sayfada yer alan bilgiler her ne kadar dikkatlice haz\u0131rlanm\u0131\u015f ise de M&amp;M HUKUK B\u00dcROSU bu sayfada yer alan bilgilerin her zaman yeterli, do\u011fru ve g\u00fcncel oldu\u011funu garanti etmemektedir. Bu sayfada yer alan bilgilerin kullan\u0131m\u0131ndan, bu bilgilere do\u011fan g\u00fcven sebebiyle yap\u0131lan i\u015flemlerden veya herhangi bir sebepten meydana gelecek zararlardan M&amp;M HUKUK B\u00dcROSU sorumlu tutulamaz.<\/p>\n\n\n\n<p>Bu sayfada yer alan bilgiler hukuki dan\u0131\u015fmanl\u0131k veya uzman g\u00f6r\u00fc\u015f\u00fc olarak sunulmam\u0131\u015ft\u0131r.\u00a0 Bu bilgiler uzaman veya yetkili ki\u015filer olmaks\u0131z\u0131n tek ba\u015f\u0131na ki\u015fisel i\u015flemlerde kullan\u0131lamaz. M&amp;M HUKUK B\u00dcROSU, \u00fc\u00e7\u00fcnc\u00fc ki\u015filerin ba\u011flant\u0131, link ve hangi isim ad\u0131nda olursa olunsun bu web sayfas\u0131na veya bu sayfadan ba\u015fka sayfalara yapt\u0131klar\u0131 y\u00f6nlendirmelerin i\u00e7eri\u011finden sorumlu de\u011fildir.<\/p>","protected":false},"excerpt":{"rendered":"<p>Bu web sayfa M&amp;M HUKUK B\u00dcROSU\u2019nun hukuk hizmetleri hakk\u0131nda bilgi i\u00e7ermektedir.\u00a0 Bu sayfada yer alan bilgiler her ne kadar dikkatlice haz\u0131rlanm\u0131\u015f ise de M&amp;M HUKUK B\u00dcROSU bu sayfada yer alan bilgilerin her zaman yeterli, do\u011fru ve g\u00fcncel oldu\u011funu garanti etmemektedir. Bu sayfada yer alan bilgilerin kullan\u0131m\u0131ndan, bu bilgilere do\u011fan g\u00fcven sebebiyle yap\u0131lan i\u015flemlerden veya herhangi [&hellip;]<\/p>","protected":false},"author":1,"featured_media":0,"parent":0,"menu_order":0,"comment_status":"closed","ping_status":"closed","template":"","meta":{"footnotes":""},"tags":[53],"class_list":["post-353","page","type-page","status-publish","hentry","tag-sorumlulukuyarisi"],"_links":{"self":[{"href":"https:\/\/vh2020xancn-0.hosting-space.nl\/nl\/wp-json\/wp\/v2\/pages\/353","targetHints":{"allow":["GET"]}}],"collection":[{"href":"https:\/\/vh2020xancn-0.hosting-space.nl\/nl\/wp-json\/wp\/v2\/pages"}],"about":[{"href":"https:\/\/vh2020xancn-0.hosting-space.nl\/nl\/wp-json\/wp\/v2\/types\/page"}],"author":[{"embeddable":true,"href":"https:\/\/vh2020xancn-0.hosting-space.nl\/nl\/wp-json\/wp\/v2\/users\/1"}],"replies":[{"embeddable":true,"href":"https:\/\/vh2020xancn-0.hosting-space.nl\/nl\/wp-json\/wp\/v2\/comments?post=353"}],"version-history":[{"count":2,"href":"https:\/\/vh2020xancn-0.hosting-space.nl\/nl\/wp-json\/wp\/v2\/pages\/353\/revisions"}],"predecessor-version":[{"id":432,"href":"https:\/\/vh2020xancn-0.hosting-space.nl\/nl\/wp-json\/wp\/v2\/pages\/353\/revisions\/432"}],"wp:attachment":[{"href":"https:\/\/vh2020xancn-0.hosting-space.nl\/nl\/wp-json\/wp\/v2\/media?parent=353"}],"wp:term":[{"taxonomy":"post_tag","embeddable":true,"href":"https:\/\/vh2020xancn-0.hosting-space.nl\/nl\/wp-json\/wp\/v2\/tags?post=353"}],"curies":[{"name":"wp","href":"https:\/\/api.w.org\/{rel}","templated":true}]}}