{"id":32,"date":"2011-05-02T11:49:24","date_gmt":"2011-05-02T11:49:24","guid":{"rendered":"http:\/\/localhost\/Themes\/2016\/Monday\/Website_WP\/index.php\/home\/"},"modified":"2023-09-01T10:05:19","modified_gmt":"2023-09-01T08:05:19","slug":"home","status":"publish","type":"page","link":"https:\/\/vh2020xancn-0.hosting-space.nl\/nl\/","title":{"rendered":"Home"},"content":{"rendered":"<div id=\"wk-grid5a8\" class=\"tm-grid-monday uk-grid-width-1-1 uk-grid-width-small-1-1 uk-grid-width-medium-1-1 uk-grid-width-large-1-3 uk-grid-width-xlarge-1-3 uk-grid uk-grid-match uk-text-left\" data-uk-grid-margin data-uk-scrollspy=\"{cls:'uk-animation-slide-left uk-invisible', target:'> div > .uk-panel', delay:300}\">\n\n\n    <div>\n        <div class=\"uk-panel uk-panel-space    uk-invisible\">\n\n            \n            \n                        <div class=\"uk-panel-teaser\"><img decoding=\"async\" src=\"\/wp-content\/plugins\/widgetkit\/cache\/sivilhukuk-9c2e757db2267f179eb8afefe5d55385.png\" alt=\"Sivil Hukuk\"><\/div>\n            \n                        <div class=\"tm-tag-border\"><\/div>\n            \n            \n                                    <span class=\"uk-badge\">Sivil Hukuk<\/span>\n                \n                \n                \n                \n                \n                                <p><a class=\"uk-button\" href=\"https:\/\/turkhukuk.nl\/hukuk\/\">Devam\u0131n\u0131 Oku<\/a><\/p>\n                \n            \n            \n        <\/div>\n    <\/div>\n\n\n    <div>\n        <div class=\"uk-panel uk-panel-space    uk-invisible\">\n\n            \n            \n                        <div class=\"uk-panel-teaser\"><img decoding=\"async\" src=\"\/wp-content\/plugins\/widgetkit\/cache\/home_recent_cezahukuku-61e4eaff822ce363deccae4c96aa6a14.png\" alt=\"Ceza Hukuku\"><\/div>\n            \n                        <div class=\"tm-tag-border\"><\/div>\n            \n            \n                                    <span class=\"uk-badge\">Ceza Hukuku<\/span>\n                \n                \n                \n                \n                \n                                <p><a class=\"uk-button\" href=\"https:\/\/turkhukuk.nl\/ceza\/\">Devam\u0131n\u0131 Oku<\/a><\/p>\n                \n            \n            \n        <\/div>\n    <\/div>\n\n\n    <div>\n        <div class=\"uk-panel uk-panel-space    uk-invisible\">\n\n            \n            \n                        <div class=\"uk-panel-teaser\"><img decoding=\"async\" src=\"\/wp-content\/plugins\/widgetkit\/cache\/calismaveusul-74c2d074a7e07b81802f3accf4c806e5.png\" alt=\"\u00c7al\u0131\u015fma Usul ve \u00dccret\"><\/div>\n            \n                        <div class=\"tm-tag-border\"><\/div>\n            \n            \n                                    <span class=\"uk-badge\">\u00c7al\u0131\u015fma Usul ve \u00dccret<\/span>\n                \n                \n                \n                \n                \n                                <p><a class=\"uk-button\" href=\"https:\/\/turkhukuk.nl\/calisma-usul-ve-ucret\/\">Devam\u0131n\u0131 Oku<\/a><\/p>\n                \n            \n            \n        <\/div>\n    <\/div>\n\n\n<\/div>\n\n<script>\n(function($){\n    \/\/ get the images of the grid and replace it by a canvas of the same size to fix the problem with overlapping images on load.\n    $('img[width][height]:not(.uk-overlay-panel)', $('#wk-grid5a8')).each(function() {\n\n        var $img = $(this);\n\n        if (this.width == 'auto' || this.height == 'auto' || !$img.is(':visible')) {\n            return;\n        }\n\n        var $canvas = $('<canvas class=\"uk-responsive-width\"><\/canvas>').attr({width:$img.attr('width'), height:$img.attr('height')}),\n            img = new Image;\n\n        $img.css('display', 'none').after($canvas);\n\n        img.onload = function(){\n            $canvas.remove();\n            $img.css('display', '');\n        };\n\n        img.src = this.src;\n    });\n\n})(jQuery);\n<\/script>\n\n\n\n\n<p><\/p>","protected":false},"excerpt":{"rendered":"","protected":false},"author":1,"featured_media":0,"parent":0,"menu_order":19,"comment_status":"closed","ping_status":"closed","template":"","meta":{"footnotes":""},"tags":[],"class_list":["post-32","page","type-page","status-publish","hentry"],"_links":{"self":[{"href":"https:\/\/vh2020xancn-0.hosting-space.nl\/nl\/wp-json\/wp\/v2\/pages\/32","targetHints":{"allow":["GET"]}}],"collection":[{"href":"https:\/\/vh2020xancn-0.hosting-space.nl\/nl\/wp-json\/wp\/v2\/pages"}],"about":[{"href":"https:\/\/vh2020xancn-0.hosting-space.nl\/nl\/wp-json\/wp\/v2\/types\/page"}],"author":[{"embeddable":true,"href":"https:\/\/vh2020xancn-0.hosting-space.nl\/nl\/wp-json\/wp\/v2\/users\/1"}],"replies":[{"embeddable":true,"href":"https:\/\/vh2020xancn-0.hosting-space.nl\/nl\/wp-json\/wp\/v2\/comments?post=32"}],"version-history":[{"count":10,"href":"https:\/\/vh2020xancn-0.hosting-space.nl\/nl\/wp-json\/wp\/v2\/pages\/32\/revisions"}],"predecessor-version":[{"id":519,"href":"https:\/\/vh2020xancn-0.hosting-space.nl\/nl\/wp-json\/wp\/v2\/pages\/32\/revisions\/519"}],"wp:attachment":[{"href":"https:\/\/vh2020xancn-0.hosting-space.nl\/nl\/wp-json\/wp\/v2\/media?parent=32"}],"wp:term":[{"taxonomy":"post_tag","embeddable":true,"href":"https:\/\/vh2020xancn-0.hosting-space.nl\/nl\/wp-json\/wp\/v2\/tags?post=32"}],"curies":[{"name":"wp","href":"https:\/\/api.w.org\/{rel}","templated":true}]}}