{"id":263,"date":"2021-03-07T15:28:41","date_gmt":"2021-03-07T14:28:41","guid":{"rendered":"https:\/\/turkhukuk.nl\/?page_id=263"},"modified":"2023-09-21T22:35:09","modified_gmt":"2023-09-21T20:35:09","slug":"iletisim","status":"publish","type":"page","link":"https:\/\/vh2020xancn-0.hosting-space.nl\/nl\/iletisim\/","title":{"rendered":"\u0130leti\u015fim"},"content":{"rendered":"<div class=\"wp-block-image\">\n<figure class=\"aligncenter size-large\"><img loading=\"lazy\" decoding=\"async\" width=\"200\" height=\"75\" src=\"https:\/\/turkhukuk.nl\/wp-content\/uploads\/mmlogobeyaz-1.png\" alt=\"\" class=\"wp-image-345\" srcset=\"https:\/\/vh2020xancn-0.hosting-space.nl\/wp-content\/uploads\/mmlogobeyaz-1.png 200w, https:\/\/vh2020xancn-0.hosting-space.nl\/wp-content\/uploads\/mmlogobeyaz-1-16x6.png 16w\" sizes=\"auto, (max-width: 200px) 100vw, 200px\" \/><\/figure><\/div>\n\n\n<h2 class=\"wp-block-heading has-text-align-center\"><strong>Hukuk B\u00fcrosu<\/strong><\/h2>\n\n\n\n<p class=\"has-text-align-center\"><strong>Avukatl\u0131k B\u00fcrosu <\/strong><\/p>\n\n\n\n<p class=\"has-text-align-center\"><strong> Advocatenbureau<\/strong><\/p>\n\n\n\n<p class=\"has-text-align-center\"><strong>Law Office<\/strong><\/p>\n\n\n\n<p><\/p>\n\n\n\n<hr class=\"wp-block-separator has-css-opacity\"\/>\n\n\n\n<p><strong>Adres:<\/strong> Wilhelminaplein 1, <\/p>\n\n\n\n<p>3072 DE , Rotterdam<\/p>\n\n\n\n<p>E-Mail: <a rel=\"noreferrer noopener\" href=\"mailto:info@turkhukuk.nl\" target=\"_blank\">info@turkhukuk.nl<\/a><\/p>\n\n\n<p><a class=\"uk-button\" href=\"tel:\/\/+3641248232, 31858001055\"><i class=\"uk-icon-phone\"><\/i>  Tel: 0641248232, 0858001055<\/a><\/p>\n\n\n\n<hr class=\"wp-block-separator has-css-opacity\"\/>\n\n\n\n<p><\/p>","protected":false},"excerpt":{"rendered":"<p>Hukuk B\u00fcrosu Avukatl\u0131k B\u00fcrosu Advocatenbureau Law Office Adres: Wilhelminaplein 1, 3072 DE , Rotterdam E-Mail: info@turkhukuk.nl<\/p>","protected":false},"author":1,"featured_media":0,"parent":0,"menu_order":0,"comment_status":"closed","ping_status":"closed","template":"","meta":{"footnotes":""},"tags":[],"class_list":["post-263","page","type-page","status-publish","hentry"],"_links":{"self":[{"href":"https:\/\/vh2020xancn-0.hosting-space.nl\/nl\/wp-json\/wp\/v2\/pages\/263","targetHints":{"allow":["GET"]}}],"collection":[{"href":"https:\/\/vh2020xancn-0.hosting-space.nl\/nl\/wp-json\/wp\/v2\/pages"}],"about":[{"href":"https:\/\/vh2020xancn-0.hosting-space.nl\/nl\/wp-json\/wp\/v2\/types\/page"}],"author":[{"embeddable":true,"href":"https:\/\/vh2020xancn-0.hosting-space.nl\/nl\/wp-json\/wp\/v2\/users\/1"}],"replies":[{"embeddable":true,"href":"https:\/\/vh2020xancn-0.hosting-space.nl\/nl\/wp-json\/wp\/v2\/comments?post=263"}],"version-history":[{"count":33,"href":"https:\/\/vh2020xancn-0.hosting-space.nl\/nl\/wp-json\/wp\/v2\/pages\/263\/revisions"}],"predecessor-version":[{"id":641,"href":"https:\/\/vh2020xancn-0.hosting-space.nl\/nl\/wp-json\/wp\/v2\/pages\/263\/revisions\/641"}],"wp:attachment":[{"href":"https:\/\/vh2020xancn-0.hosting-space.nl\/nl\/wp-json\/wp\/v2\/media?parent=263"}],"wp:term":[{"taxonomy":"post_tag","embeddable":true,"href":"https:\/\/vh2020xancn-0.hosting-space.nl\/nl\/wp-json\/wp\/v2\/tags?post=263"}],"curies":[{"name":"wp","href":"https:\/\/api.w.org\/{rel}","templated":true}]}}